{"id":6847,"date":"2020-07-04T20:35:14","date_gmt":"2020-07-05T01:35:14","guid":{"rendered":"https:\/\/colbeef.com\/contacto\/"},"modified":"2020-08-31T11:46:40","modified_gmt":"2020-08-31T16:46:40","slug":"contact","status":"publish","type":"page","link":"https:\/\/colbeef.com\/en\/contact\/","title":{"rendered":"Contact"},"content":{"rendered":"<p>[vc_row layout=&#8221;ftc-row-boxed&#8221; enable_parallax=&#8221;&#8221; el_class=&#8221;contact-us3&#8243;][vc_column width=&#8221;1\/2&#8243;][vc_column_text el_class=&#8221;contact_part2&#8243;]<\/p>\n<h3>Contact Us<\/h3>\n<p>[\/vc_column_text][vc_column_text el_class=&#8221;contact-us2&#8243;]For more information about our products and services, contact us through our email or landline at the following times:<\/p>\n<p>&nbsp;<\/p>\n<p>Monday \u00a0to Saturday from 7:30 a.m. at 5:00 p.m.<\/p>\n<p>Address: V\u00eda Corredor R\u00edo Fr\u00edo Cll 210 N 9-631, Floridablanca, Santander<\/p>\n<p>Phone: (57) (7) &#8211; 691 7777<\/p>\n<p>Or follow us on our networks:<\/p>\n<div class=\"social-icons\">\n<ul style=\"text-align: left;\">\n<li><a class=\"facebook\" style=\"color: #999;\" title=\"\" href=\"https:\/\/www.facebook.com\/colbeefoficial\/\" target=\"_blank\" rel=\"noopener noreferrer\"><i class=\"fa fa-facebook\"><\/i><span class=\"ftc-tooltip social-tooltip\">Facebook<\/span><\/a><\/li>\n<li><a class=\"twitter\" style=\"color: #999;\" title=\"\" href=\"https:\/\/twitter.com\/Colbeef\" target=\"_blank\" rel=\"noopener noreferrer\"><i class=\"fa fa-twitter\"><\/i><span class=\"ftc-tooltip social-tooltip\">Twitter<\/span><\/a><\/li>\n<li><a class=\"instagram\" style=\"color: #999;\" title=\"\" href=\"https:\/\/www.instagram.com\/colbeefoficial\/\" target=\"_blank\" rel=\"noopener noreferrer\"><i class=\"fa fa-instagram\"><\/i><span class=\"ftc-tooltip social-tooltip\">Instagram<\/span><\/a><\/li>\n<li><a class=\"instagram\" style=\"color: #999;\" title=\"\" href=\"https:\/\/www.youtube.com\/channel\/UC3Cc-t1lU6LhWBuTYWZojEw\" target=\"_blank\" rel=\"noopener noreferrer\"><i class=\"fa fa-youtube\"><\/i><span class=\"ftc-tooltip social-tooltip\">Instagram<\/span><\/a><\/li>\n<\/ul>\n<\/div>\n<p>[\/vc_column_text][\/vc_column][vc_column width=&#8221;1\/2&#8243;][vc_column_text el_class=&#8221;contact_part2&#8243; css=&#8221;.vc_custom_1594764601666{padding-bottom: 15px !important;}&#8221;]<\/p>\n<h3>Write US<\/h3>\n<p>We will contact you soon.[\/vc_column_text]\n<div class=\"wpcf7 no-js\" id=\"wpcf7-f7343-o1\" lang=\"en-US\" dir=\"ltr\">\n<div class=\"screen-reader-response\"><p role=\"status\" aria-live=\"polite\" aria-atomic=\"true\"><\/p> <ul><\/ul><\/div>\n<form action=\"\/en\/wp-json\/wp\/v2\/pages\/6847#wpcf7-f7343-o1\" method=\"post\" class=\"wpcf7-form init\" aria-label=\"Contact form\" novalidate=\"novalidate\" data-status=\"init\">\n<div style=\"display: none;\">\n<input type=\"hidden\" name=\"_wpcf7\" value=\"7343\" \/>\n<input type=\"hidden\" name=\"_wpcf7_version\" value=\"5.8.5\" \/>\n<input type=\"hidden\" name=\"_wpcf7_locale\" value=\"en_US\" \/>\n<input type=\"hidden\" name=\"_wpcf7_unit_tag\" value=\"wpcf7-f7343-o1\" \/>\n<input type=\"hidden\" name=\"_wpcf7_container_post\" value=\"0\" \/>\n<input type=\"hidden\" name=\"_wpcf7_posted_data_hash\" value=\"\" \/>\n<\/div>\n<p><label><span class=\"wpcf7-form-control-wrap\" data-name=\"your-name\"><input size=\"40\" class=\"wpcf7-form-control wpcf7-text wpcf7-validates-as-required\" aria-required=\"true\" aria-invalid=\"false\" placeholder=\"Name*\" value=\"\" type=\"text\" name=\"your-name\" \/><\/span> <\/label>\n<\/p>\n<p><label><span class=\"wpcf7-form-control-wrap\" data-name=\"your-email\"><input size=\"40\" class=\"wpcf7-form-control wpcf7-email wpcf7-validates-as-required wpcf7-text wpcf7-validates-as-email\" aria-required=\"true\" aria-invalid=\"false\" placeholder=\"Email*\" value=\"\" type=\"email\" name=\"your-email\" \/><\/span> <\/label>\n<\/p>\n<p><label><span class=\"wpcf7-form-control-wrap\" data-name=\"your-phone\"><input size=\"40\" class=\"wpcf7-form-control wpcf7-text wpcf7-validates-as-required\" aria-required=\"true\" aria-invalid=\"false\" placeholder=\"Telephone*\" value=\"\" type=\"text\" name=\"your-phone\" \/><\/span> <\/label>\n<\/p>\n<p><label><span class=\"wpcf7-form-control-wrap\" data-name=\"your-message\"><textarea cols=\"40\" rows=\"10\" class=\"wpcf7-form-control wpcf7-textarea\" aria-invalid=\"false\" placeholder=\"Message\" name=\"your-message\"><\/textarea><\/span> <\/label>\n<\/p>\n<p><input class=\"wpcf7-form-control wpcf7-submit has-spinner\" type=\"submit\" value=\"Send\" \/>\n<\/p><div class=\"wpcf7-response-output\" aria-hidden=\"true\"><\/div>\n<\/form>\n<\/div>\n[\/vc_column][\/vc_row][vc_row css=&#8221;.vc_custom_1550540433467{margin-right: 0px !important;margin-bottom: 0px !important;margin-left: 0px !important;}&#8221;][vc_column css=&#8221;.vc_custom_1550540424087{border-top-width: 1px !important;padding-right: 0px !important;padding-left: 0px !important;border-top-color: #ebebeb !important;border-top-style: solid !important;}&#8221;][\/vc_column][\/vc_row][vc_row el_class=&#8221;contact-address3&#8243;][vc_column width=&#8221;1\/3&#8243;][\/vc_column][vc_column width=&#8221;1\/3&#8243; el_class=&#8221;contact-center&#8221;][vc_column_text]<\/p>\n<h3>Our office in Bucaramanga<\/h3>\n<p>Phone: (57) (7) &#8211; 691 7777[\/vc_column_text][\/vc_column][vc_column width=&#8221;1\/3&#8243; el_class=&#8221;contact-right&#8221;][\/vc_column][\/vc_row][vc_row full_width=&#8221;stretch_row_content&#8221; el_class=&#8221;map_contact3&#8243; css=&#8221;.vc_custom_1550538749387{margin-bottom: -45px !important;}&#8221;][vc_column css=&#8221;.vc_custom_1550538669635{padding-right: 0px !important;padding-left: 0px !important;}&#8221;][vc_gmaps link=&#8221;#E-8_JTNDaWZyYW1lJTIwc3JjJTNEJTIyaHR0cHMlM0ElMkYlMkZ3d3cuZ29vZ2xlLmNvbSUyRm1hcHMlMkZlbWJlZCUzRnBiJTNEJTIxMW0xNCUyMTFtOCUyMTFtMyUyMTFkMTU4MzguNDcxMTgzMDI2MTcxJTIxMmQtNzMuMTMyMDIyOCUyMTNkNy4wNTQxMTY3JTIxM20yJTIxMWkxMDI0JTIxMmk3NjglMjE0ZjEzLjElMjEzbTMlMjExbTIlMjExczB4MCUyNTNBMHg5ZjhiNzA3OGRjYWNkMzdkJTIxMnNGcmlnb3IlMjVDMyUyNUFEZmljbyUyNTIwUiUyNUMzJTI1QURvJTI1MjBGciUyNUMzJTI1QURvJTI1MjBhaG9yYSUyNTIwQ29sYmVlZiUyNTIwU0FTJTIxNWUwJTIxM20yJTIxMXNlcy00MTklMjEyc2NvJTIxNHYxNTk0MzQ1NjU1NjAyJTIxNW0yJTIxMXNlcy00MTklMjEyc2NvJTIyJTIwd2lkdGglM0QlMjI2MDAlMjIlMjBoZWlnaHQlM0QlMjI0NTAlMjIlMjBmcmFtZWJvcmRlciUzRCUyMjAlMjIlMjBzdHlsZSUzRCUyMmJvcmRlciUzQTAlM0IlMjIlMjBhbGxvd2Z1bGxzY3JlZW4lM0QlMjIlMjIlMjBhcmlhLWhpZGRlbiUzRCUyMmZhbHNlJTIyJTIwdGFiaW5kZXglM0QlMjIwJTIyJTNFJTNDJTJGaWZyYW1lJTNF&#8221; size=&#8221;600&#8243; css=&#8221;.vc_custom_1594345700801{margin-bottom: 0px !important;}&#8221;][\/vc_column][\/vc_row]<\/p>\n","protected":false},"excerpt":{"rendered":"<p>[vc_row layout=&#8221;ftc-row-boxed&#8221; enable_parallax=&#8221;&#8221; el_class=&#8221;contact-us3&#8243;][vc_column width=&#8221;1\/2&#8243;][vc_column_text el_class=&#8221;contact_part2&#8243;] Contact Us [\/vc_column_text][vc_column_text el_class=&#8221;contact-us2&#8243;]For more information about our products and services, contact us through our email or landline at the following times: &nbsp; Monday \u00a0to Saturday from 7:30 a.m. at 5:00 p.m. Address: V\u00eda Corredor R\u00edo Fr\u00edo Cll 210 N 9-631, Floridablanca, Santander Phone: (57) (7) &#8211; 691 7777 [&hellip;]<\/p>\n","protected":false},"author":1,"featured_media":0,"parent":0,"menu_order":0,"comment_status":"closed","ping_status":"closed","template":"","meta":{"footnotes":"","_joinchat":[]},"_links":{"self":[{"href":"https:\/\/colbeef.com\/en\/wp-json\/wp\/v2\/pages\/6847"}],"collection":[{"href":"https:\/\/colbeef.com\/en\/wp-json\/wp\/v2\/pages"}],"about":[{"href":"https:\/\/colbeef.com\/en\/wp-json\/wp\/v2\/types\/page"}],"author":[{"embeddable":true,"href":"https:\/\/colbeef.com\/en\/wp-json\/wp\/v2\/users\/1"}],"replies":[{"embeddable":true,"href":"https:\/\/colbeef.com\/en\/wp-json\/wp\/v2\/comments?post=6847"}],"version-history":[{"count":8,"href":"https:\/\/colbeef.com\/en\/wp-json\/wp\/v2\/pages\/6847\/revisions"}],"predecessor-version":[{"id":7344,"href":"https:\/\/colbeef.com\/en\/wp-json\/wp\/v2\/pages\/6847\/revisions\/7344"}],"wp:attachment":[{"href":"https:\/\/colbeef.com\/en\/wp-json\/wp\/v2\/media?parent=6847"}],"curies":[{"name":"wp","href":"https:\/\/api.w.org\/{rel}","templated":true}]}}