{"id":5990,"date":"2020-07-04T08:50:15","date_gmt":"2020-07-04T13:50:15","guid":{"rendered":"https:\/\/colbeef.com\/?post_type=product&#038;p=5990"},"modified":"2020-10-29T07:55:59","modified_gmt":"2020-10-29T12:55:59","slug":"chatas","status":"publish","type":"product","link":"https:\/\/colbeef.com\/en\/producto\/chatas\/","title":{"rendered":"Chatas"},"content":{"rendered":"<p>Las chatas o el lomo angosto, es el corte con m\u00e1s terneza en la res, es de forma c\u00f3nica, alargada y aplanada de arriba hacia abajo. El Solomito, lomito o lomo fino est\u00e1 ubicado en el cuarto posterior del bovino, en la regi\u00f3n sublumbar interna.<!--more--><\/p>\n<p><strong>Ejecutivo Comercial:<\/strong><\/p>\n<p><strong>Correo:<\/strong> ejecutivo.comercial@colbeef.com<\/p>\n","protected":false},"excerpt":{"rendered":"<p>Las chatas o el lomo angosto, es el corte con m\u00e1s terneza en la res, es de forma c\u00f3nica, alargada y aplanada de arriba hacia abajo. El Solomito, lomito o lomo fino est\u00e1 ubicado en el cuarto posterior del bovino, en la regi\u00f3n sublumbar interna.<\/p>\n","protected":false},"featured_media":6592,"comment_status":"open","ping_status":"closed","template":"","meta":{"_joinchat":[]},"product_cat":[135],"product_tag":[236,181],"_links":{"self":[{"href":"https:\/\/colbeef.com\/en\/wp-json\/wp\/v2\/product\/5990"}],"collection":[{"href":"https:\/\/colbeef.com\/en\/wp-json\/wp\/v2\/product"}],"about":[{"href":"https:\/\/colbeef.com\/en\/wp-json\/wp\/v2\/types\/product"}],"replies":[{"embeddable":true,"href":"https:\/\/colbeef.com\/en\/wp-json\/wp\/v2\/comments?post=5990"}],"wp:featuredmedia":[{"embeddable":true,"href":"https:\/\/colbeef.com\/en\/wp-json\/wp\/v2\/media\/6592"}],"wp:attachment":[{"href":"https:\/\/colbeef.com\/en\/wp-json\/wp\/v2\/media?parent=5990"}],"wp:term":[{"taxonomy":"product_cat","embeddable":true,"href":"https:\/\/colbeef.com\/en\/wp-json\/wp\/v2\/product_cat?post=5990"},{"taxonomy":"product_tag","embeddable":true,"href":"https:\/\/colbeef.com\/en\/wp-json\/wp\/v2\/product_tag?post=5990"}],"curies":[{"name":"wp","href":"https:\/\/api.w.org\/{rel}","templated":true}]}}