{"id":6953,"date":"2020-07-04T11:50:52","date_gmt":"2020-07-04T16:50:52","guid":{"rendered":"https:\/\/colbeef.com\/producto\/carcass\/"},"modified":"2020-07-04T11:50:52","modified_gmt":"2020-07-04T16:50:52","slug":"carcass","status":"publish","type":"product","link":"https:\/\/colbeef.com\/en\/producto\/carcass\/","title":{"rendered":"Carcass"},"content":{"rendered":"<p>El canal completo se refiere al cuerpo del animal despu\u00e9s de sacrificado, degollado, deshuellado, eviscerado; quedando s\u00f3lo la estructura \u00f3sea y la carne adherida a la misma sin extremidades.<!--more--><\/p>\n<p><strong>Ejecutivo Comercial:<\/strong><\/p>\n<p><strong>Correo:<\/strong> ejecutivo.comercial@colbeef.com<\/p>\n","protected":false},"excerpt":{"rendered":"<p>El canal completo se refiere al cuerpo del animal despu\u00e9s de sacrificado, degollado, deshuellado, eviscerado; quedando s\u00f3lo la estructura \u00f3sea y la carne adherida a la misma sin extremidades.<\/p>\n","protected":false},"featured_media":6954,"comment_status":"open","ping_status":"closed","template":"","meta":{"_joinchat":[]},"product_cat":[259],"product_tag":[267],"_links":{"self":[{"href":"https:\/\/colbeef.com\/en\/wp-json\/wp\/v2\/product\/6953"}],"collection":[{"href":"https:\/\/colbeef.com\/en\/wp-json\/wp\/v2\/product"}],"about":[{"href":"https:\/\/colbeef.com\/en\/wp-json\/wp\/v2\/types\/product"}],"replies":[{"embeddable":true,"href":"https:\/\/colbeef.com\/en\/wp-json\/wp\/v2\/comments?post=6953"}],"wp:featuredmedia":[{"embeddable":true,"href":"https:\/\/colbeef.com\/en\/wp-json\/wp\/v2\/media\/6954"}],"wp:attachment":[{"href":"https:\/\/colbeef.com\/en\/wp-json\/wp\/v2\/media?parent=6953"}],"wp:term":[{"taxonomy":"product_cat","embeddable":true,"href":"https:\/\/colbeef.com\/en\/wp-json\/wp\/v2\/product_cat?post=6953"},{"taxonomy":"product_tag","embeddable":true,"href":"https:\/\/colbeef.com\/en\/wp-json\/wp\/v2\/product_tag?post=6953"}],"curies":[{"name":"wp","href":"https:\/\/api.w.org\/{rel}","templated":true}]}}